{"id":2,"date":"2022-08-06T17:41:09","date_gmt":"2022-08-06T15:41:09","guid":{"rendered":"https:\/\/polstereiweiss.de\/berlin\/?page_id=2"},"modified":"2022-08-06T18:18:58","modified_gmt":"2022-08-06T16:18:58","slug":"beispiel-seite","status":"publish","type":"page","link":"https:\/\/polstereiweiss.de\/berlin\/","title":{"rendered":"Beispiel-Seite"},"content":{"rendered":"<div class=\"col-md-5\">\n<h3>Unsere Leistungen<\/h3>\n<p class=\"\"><i class=\"fas fa-check\"><\/i> WIR BEZIEHEN NEU<br \/> <i class=\"fas fa-check\"><\/i> Aufpolstern &amp; Neupolstern<br \/> <i class=\"fas fa-check\"><\/i> Teil- Komplettbez\u00fcge<br \/> <i class=\"fas fa-check\"><\/i> Schn\u00fcrung &amp; Haftung<br \/> <i class=\"fas fa-check\"><\/i> Feder-B\u00e4nder Schaumstoffe<br \/> <i class=\"fas fa-check\"><\/i> Ma\u00dfanfertigungen<br \/> <i class=\"fas fa-check\"><\/i> Modern Designer Barock Antik<\/p>\n<\/div>\n","protected":false},"excerpt":{"rendered":"<p>Unsere Leistungen WIR BEZIEHEN NEU Aufpolstern &amp; Neupolstern Teil- Komplettbez\u00fcge Schn\u00fcrung &amp; Haftung Feder-B\u00e4nder Schaumstoffe Ma\u00dfanfertigungen Modern Designer Barock Antik<\/p>\n","protected":false},"author":2,"featured_media":0,"parent":0,"menu_order":0,"comment_status":"closed","ping_status":"open","template":"","meta":{"footnotes":""},"class_list":["post-2","page","type-page","status-publish","hentry"],"yoast_head":"<!-- This site is optimized with the Yoast SEO plugin v26.1.1 - https:\/\/yoast.com\/wordpress\/plugins\/seo\/ -->\n<title>Beispiel-Seite - Posterei Wei\u00df in Berlin<\/title>\n<meta name=\"robots\" content=\"index, follow, max-snippet:-1, max-image-preview:large, max-video-preview:-1\" \/>\n<link rel=\"canonical\" href=\"https:\/\/polstereiweiss.de\/berlin\/\" \/>\n<meta property=\"og:locale\" content=\"de_DE\" \/>\n<meta property=\"og:type\" content=\"article\" \/>\n<meta property=\"og:title\" content=\"Beispiel-Seite - Posterei Wei\u00df in Berlin\" \/>\n<meta property=\"og:description\" content=\"Unsere Leistungen WIR BEZIEHEN NEU Aufpolstern &amp; Neupolstern Teil- Komplettbez\u00fcge Schn\u00fcrung &amp; Haftung Feder-B\u00e4nder Schaumstoffe Ma\u00dfanfertigungen Modern Designer Barock Antik\" \/>\n<meta property=\"og:url\" content=\"https:\/\/polstereiweiss.de\/berlin\/\" \/>\n<meta property=\"og:site_name\" content=\"Posterei Wei\u00df in Berlin\" \/>\n<meta property=\"article:modified_time\" content=\"2022-08-06T16:18:58+00:00\" \/>\n<meta name=\"twitter:card\" content=\"summary_large_image\" \/>\n<script type=\"application\/ld+json\" class=\"yoast-schema-graph\">{\"@context\":\"https:\/\/schema.org\",\"@graph\":[{\"@type\":\"WebPage\",\"@id\":\"https:\/\/polstereiweiss.de\/berlin\/\",\"url\":\"https:\/\/polstereiweiss.de\/berlin\/\",\"name\":\"Beispiel-Seite - Posterei Wei\u00df in Berlin\",\"isPartOf\":{\"@id\":\"https:\/\/polstereiweiss.de\/berlin\/#website\"},\"datePublished\":\"2022-08-06T15:41:09+00:00\",\"dateModified\":\"2022-08-06T16:18:58+00:00\",\"breadcrumb\":{\"@id\":\"https:\/\/polstereiweiss.de\/berlin\/#breadcrumb\"},\"inLanguage\":\"de\",\"potentialAction\":[{\"@type\":\"ReadAction\",\"target\":[\"https:\/\/polstereiweiss.de\/berlin\/\"]}]},{\"@type\":\"BreadcrumbList\",\"@id\":\"https:\/\/polstereiweiss.de\/berlin\/#breadcrumb\",\"itemListElement\":[{\"@type\":\"ListItem\",\"position\":1,\"name\":\"Startseite\",\"item\":\"https:\/\/polstereiweiss.de\/berlin\/\"},{\"@type\":\"ListItem\",\"position\":2,\"name\":\"Beispiel-Seite\"}]},{\"@type\":\"WebSite\",\"@id\":\"https:\/\/polstereiweiss.de\/berlin\/#website\",\"url\":\"https:\/\/polstereiweiss.de\/berlin\/\",\"name\":\"Posterei Wei\u00df in Berlin\",\"description\":\"\",\"potentialAction\":[{\"@type\":\"SearchAction\",\"target\":{\"@type\":\"EntryPoint\",\"urlTemplate\":\"https:\/\/polstereiweiss.de\/berlin\/?s={search_term_string}\"},\"query-input\":{\"@type\":\"PropertyValueSpecification\",\"valueRequired\":true,\"valueName\":\"search_term_string\"}}],\"inLanguage\":\"de\"}]}<\/script>\n<!-- \/ Yoast SEO plugin. -->","yoast_head_json":{"title":"Beispiel-Seite - Posterei Wei\u00df in Berlin","robots":{"index":"index","follow":"follow","max-snippet":"max-snippet:-1","max-image-preview":"max-image-preview:large","max-video-preview":"max-video-preview:-1"},"canonical":"https:\/\/polstereiweiss.de\/berlin\/","og_locale":"de_DE","og_type":"article","og_title":"Beispiel-Seite - Posterei Wei\u00df in Berlin","og_description":"Unsere Leistungen WIR BEZIEHEN NEU Aufpolstern &amp; Neupolstern Teil- Komplettbez\u00fcge Schn\u00fcrung &amp; Haftung Feder-B\u00e4nder Schaumstoffe Ma\u00dfanfertigungen Modern Designer Barock Antik","og_url":"https:\/\/polstereiweiss.de\/berlin\/","og_site_name":"Posterei Wei\u00df in Berlin","article_modified_time":"2022-08-06T16:18:58+00:00","twitter_card":"summary_large_image","schema":{"@context":"https:\/\/schema.org","@graph":[{"@type":"WebPage","@id":"https:\/\/polstereiweiss.de\/berlin\/","url":"https:\/\/polstereiweiss.de\/berlin\/","name":"Beispiel-Seite - Posterei Wei\u00df in Berlin","isPartOf":{"@id":"https:\/\/polstereiweiss.de\/berlin\/#website"},"datePublished":"2022-08-06T15:41:09+00:00","dateModified":"2022-08-06T16:18:58+00:00","breadcrumb":{"@id":"https:\/\/polstereiweiss.de\/berlin\/#breadcrumb"},"inLanguage":"de","potentialAction":[{"@type":"ReadAction","target":["https:\/\/polstereiweiss.de\/berlin\/"]}]},{"@type":"BreadcrumbList","@id":"https:\/\/polstereiweiss.de\/berlin\/#breadcrumb","itemListElement":[{"@type":"ListItem","position":1,"name":"Startseite","item":"https:\/\/polstereiweiss.de\/berlin\/"},{"@type":"ListItem","position":2,"name":"Beispiel-Seite"}]},{"@type":"WebSite","@id":"https:\/\/polstereiweiss.de\/berlin\/#website","url":"https:\/\/polstereiweiss.de\/berlin\/","name":"Posterei Wei\u00df in Berlin","description":"","potentialAction":[{"@type":"SearchAction","target":{"@type":"EntryPoint","urlTemplate":"https:\/\/polstereiweiss.de\/berlin\/?s={search_term_string}"},"query-input":{"@type":"PropertyValueSpecification","valueRequired":true,"valueName":"search_term_string"}}],"inLanguage":"de"}]}},"_links":{"self":[{"href":"https:\/\/polstereiweiss.de\/berlin\/wp-json\/wp\/v2\/pages\/2","targetHints":{"allow":["GET"]}}],"collection":[{"href":"https:\/\/polstereiweiss.de\/berlin\/wp-json\/wp\/v2\/pages"}],"about":[{"href":"https:\/\/polstereiweiss.de\/berlin\/wp-json\/wp\/v2\/types\/page"}],"author":[{"embeddable":true,"href":"https:\/\/polstereiweiss.de\/berlin\/wp-json\/wp\/v2\/users\/2"}],"replies":[{"embeddable":true,"href":"https:\/\/polstereiweiss.de\/berlin\/wp-json\/wp\/v2\/comments?post=2"}],"version-history":[{"count":1,"href":"https:\/\/polstereiweiss.de\/berlin\/wp-json\/wp\/v2\/pages\/2\/revisions"}],"predecessor-version":[{"id":8,"href":"https:\/\/polstereiweiss.de\/berlin\/wp-json\/wp\/v2\/pages\/2\/revisions\/8"}],"wp:attachment":[{"href":"https:\/\/polstereiweiss.de\/berlin\/wp-json\/wp\/v2\/media?parent=2"}],"curies":[{"name":"wp","href":"https:\/\/api.w.org\/{rel}","templated":true}]}}